{"id":3,"date":"2024-05-22T22:19:43","date_gmt":"2024-05-23T01:19:43","guid":{"rendered":"http:\/\/marlincloud.marlin.com.br\/Assimb2c\/?page_id=3"},"modified":"2025-04-04T12:14:20","modified_gmt":"2025-04-04T15:14:20","slug":"politica-de-privacidade","status":"publish","type":"page","link":"https:\/\/assim.b2c.hcommerce.com.br\/odonto\/politica-de-privacidade\/","title":{"rendered":"Pol\u00edtica de privacidade"},"content":{"rendered":"\t\t<div data-elementor-type=\"wp-page\" data-elementor-id=\"3\" class=\"elementor elementor-3\" data-elementor-post-type=\"page\">\n\t\t\t\t<div class=\"elementor-element elementor-element-f971a57 e-flex e-con-boxed e-con e-parent\" data-id=\"f971a57\" data-element_type=\"container\">\n\t\t\t\t\t<div class=\"e-con-inner\">\n\t\t\t\t<div class=\"elementor-element elementor-element-2fad5a0 elementor-widget elementor-widget-menu-anchor\" data-id=\"2fad5a0\" data-element_type=\"widget\" data-widget_type=\"menu-anchor.default\">\n\t\t\t\t<div class=\"elementor-widget-container\">\n\t\t\t\t\t\t\t<div class=\"elementor-menu-anchor\" id=\"TopoPagina\"><\/div>\n\t\t\t\t\t\t<\/div>\n\t\t\t\t<\/div>\n\t\t\t\t\t<\/div>\n\t\t\t\t<\/div>\n\t\t<div class=\"elementor-element elementor-element-4986a7d7 e-flex e-con-boxed e-con e-parent\" data-id=\"4986a7d7\" data-element_type=\"container\">\n\t\t\t\t\t<div class=\"e-con-inner\">\n\t\t\t\t<div class=\"elementor-element elementor-element-0b66fcf elementor-widget elementor-widget-heading\" data-id=\"0b66fcf\" data-element_type=\"widget\" data-widget_type=\"heading.default\">\n\t\t\t\t<div class=\"elementor-widget-container\">\n\t\t\t\t\t<h2 class=\"elementor-heading-title elementor-size-default\">Pol\u00edtica de privacidade<\/h2>\t\t\t\t<\/div>\n\t\t\t\t<\/div>\n\t\t<div class=\"elementor-element elementor-element-404d4fd e-con-full e-flex e-con e-child\" data-id=\"404d4fd\" data-element_type=\"container\">\n\t\t\t\t<div class=\"elementor-element elementor-element-8bed001 elementor-widget elementor-widget-heading\" data-id=\"8bed001\" data-element_type=\"widget\" data-widget_type=\"heading.default\">\n\t\t\t\t<div class=\"elementor-widget-container\">\n\t\t\t\t\t<h3 class=\"elementor-heading-title elementor-size-default\">1. O QUE FAREMOS COM ESTA INFORMA\u00c7\u00c3O?<\/h3>\t\t\t\t<\/div>\n\t\t\t\t<\/div>\n\t\t\t\t<div class=\"elementor-element elementor-element-6b73870 elementor-widget elementor-widget-text-editor\" data-id=\"6b73870\" data-element_type=\"widget\" data-widget_type=\"text-editor.default\">\n\t\t\t\t<div class=\"elementor-widget-container\">\n\t\t\t\t\t\t\t\t\t<p>Quando voc\u00ea realiza algum cadastro conosco, coletamos as informa\u00e7\u00f5es pessoais que voc\u00ea nos d\u00e1 tais como: nome, e-mail e endere\u00e7o. Quando voc\u00ea acessa nosso site, tamb\u00e9m recebemos automaticamente o protocolo de internet do seu computador, endere\u00e7o de IP, a fim de obter informa\u00e7\u00f5es que nos ajudam a aprender sobre seu navegador e sistema operacional. E-mail Marketing ser\u00e1 realizado apenas caso voc\u00ea permita. Nestes e-mails voc\u00ea poder\u00e1 receber not\u00edcias, artigos, dicas e informa\u00e7\u00f5es. Voc\u00ea pode se descadastrar da nossa lista a qualquer momento.<\/p>\t\t\t\t\t\t\t\t<\/div>\n\t\t\t\t<\/div>\n\t\t\t\t<\/div>\n\t\t<div class=\"elementor-element elementor-element-44869ca e-con-full e-flex e-con e-child\" data-id=\"44869ca\" data-element_type=\"container\">\n\t\t\t\t<div class=\"elementor-element elementor-element-581fa46 elementor-widget elementor-widget-heading\" data-id=\"581fa46\" data-element_type=\"widget\" data-widget_type=\"heading.default\">\n\t\t\t\t<div class=\"elementor-widget-container\">\n\t\t\t\t\t<h3 class=\"elementor-heading-title elementor-size-default\">2. CONSENTIMENTO: COMO VOC\u00caS OBT\u00caM MEU CONSENTIMENTO?<\/h3>\t\t\t\t<\/div>\n\t\t\t\t<\/div>\n\t\t\t\t<div class=\"elementor-element elementor-element-5280769 elementor-widget elementor-widget-text-editor\" data-id=\"5280769\" data-element_type=\"widget\" data-widget_type=\"text-editor.default\">\n\t\t\t\t<div class=\"elementor-widget-container\">\n\t\t\t\t\t\t\t\t\tQuando voc\u00ea fornece informa\u00e7\u00f5es pessoais como nome, telefone e e-mail, ap\u00f3s a realiza\u00e7\u00e3o de a\u00e7\u00f5es entendemos que voc\u00ea est\u00e1 de acordo com a coleta de dados para serem utilizados pela nossa empresa. Se pedimos por suas informa\u00e7\u00f5es pessoais por uma raz\u00e3o secund\u00e1ria, como marketing, vamos lhe pedir diretamente por seu consentimento, ou lhe fornecer a oportunidade de dizer n\u00e3o. E caso voc\u00ea queira retirar seu consentimento, como proceder? Se ap\u00f3s voc\u00ea nos fornecer seus dados, voc\u00ea mudar de ideia, voc\u00ea pode retirar o seu consentimento para que possamos entrar em contato, para a cole\u00e7\u00e3o de dados cont\u00ednua, uso ou divulga\u00e7\u00e3o de suas informa\u00e7\u00f5es, a qualquer momento, entrando em contato conosco.\t\t\t\t\t\t\t\t<\/div>\n\t\t\t\t<\/div>\n\t\t\t\t<\/div>\n\t\t<div class=\"elementor-element elementor-element-05a6730 e-con-full e-flex e-con e-child\" data-id=\"05a6730\" data-element_type=\"container\">\n\t\t\t\t<div class=\"elementor-element elementor-element-3e96575 elementor-widget elementor-widget-heading\" data-id=\"3e96575\" data-element_type=\"widget\" data-widget_type=\"heading.default\">\n\t\t\t\t<div class=\"elementor-widget-container\">\n\t\t\t\t\t<h3 class=\"elementor-heading-title elementor-size-default\">3. SEGURAN\u00c7A:<\/h3>\t\t\t\t<\/div>\n\t\t\t\t<\/div>\n\t\t\t\t<div class=\"elementor-element elementor-element-85f5057 elementor-widget elementor-widget-text-editor\" data-id=\"85f5057\" data-element_type=\"widget\" data-widget_type=\"text-editor.default\">\n\t\t\t\t<div class=\"elementor-widget-container\">\n\t\t\t\t\t\t\t\t\tPara proteger suas informa\u00e7\u00f5es pessoais, tomamos precau\u00e7\u00f5es razo\u00e1veis e seguimos as melhores pr\u00e1ticas da ind\u00fastria para nos certificar que elas n\u00e3o ser\u00e3o perdidas inadequadamente, usurpadas, acessadas, divulgadas, alteradas ou destru\u00eddas. Se voc\u00ea nos fornecer as suas informa\u00e7\u00f5es de cart\u00e3o de cr\u00e9dito, essa informa\u00e7\u00e3o \u00e9 criptografada usando tecnologia &#8220;secure socket layer&#8221; (SSL) e armazenada com uma criptografia AES-256. Embora nenhum m\u00e9todo de transmiss\u00e3o pela Internet ou armazenamento eletr\u00f4nico \u00e9 100% seguro, n\u00f3s seguimos todos os requisitos da PCI-DSS e implementamos padr\u00f5es adicionais geralmente aceitos pela ind\u00fastria.\t\t\t\t\t\t\t\t<\/div>\n\t\t\t\t<\/div>\n\t\t\t\t<\/div>\n\t\t<div class=\"elementor-element elementor-element-50c25f6 e-con-full e-flex e-con e-child\" data-id=\"50c25f6\" data-element_type=\"container\">\n\t\t\t\t<div class=\"elementor-element elementor-element-848fec1 elementor-widget elementor-widget-heading\" data-id=\"848fec1\" data-element_type=\"widget\" data-widget_type=\"heading.default\">\n\t\t\t\t<div class=\"elementor-widget-container\">\n\t\t\t\t\t<h3 class=\"elementor-heading-title elementor-size-default\">4. ALTERA\u00c7\u00d5ES PARA ESSA POL\u00cdTICA DE PRIVACIDADE:<\/h3>\t\t\t\t<\/div>\n\t\t\t\t<\/div>\n\t\t\t\t<div class=\"elementor-element elementor-element-d4937a0 elementor-widget elementor-widget-text-editor\" data-id=\"d4937a0\" data-element_type=\"widget\" data-widget_type=\"text-editor.default\">\n\t\t\t\t<div class=\"elementor-widget-container\">\n\t\t\t\t\t\t\t\t\tReservamos o direito de modificar essa pol\u00edtica de privacidade a qualquer momento, ent\u00e3o por favor, revise-a com frequ\u00eancia. Altera\u00e7\u00f5es e esclarecimentos v\u00e3o surtir efeito imediatamente ap\u00f3s sua publica\u00e7\u00e3o no site. Se fizermos altera\u00e7\u00f5es de materiais para essa pol\u00edtica, iremos notific\u00e1-lo aqui que eles foram atualizados, para que voc\u00ea tenha ci\u00eancia sobre quais informa\u00e7\u00f5es coletamos, como as usamos, e sob que circunst\u00e2ncias, se alguma, usamos e\/ou divulgamos elas. Se nossa empresa for adquirida ou fundida com outra empresa, suas informa\u00e7\u00f5es podem ser transferidas para os novos propriet\u00e1rios para que possamos continuar a vender produtos para voc\u00ea.\t\t\t\t\t\t\t\t<\/div>\n\t\t\t\t<\/div>\n\t\t\t\t<\/div>\n\t\t\t\t\t<\/div>\n\t\t\t\t<\/div>\n\t\t\t\t<\/div>\n\t\t","protected":false},"excerpt":{"rendered":"<p>Pol\u00edtica de privacidade 1. O QUE FAREMOS COM ESTA INFORMA\u00c7\u00c3O? Quando voc\u00ea realiza algum cadastro conosco, coletamos as informa\u00e7\u00f5es pessoais que voc\u00ea nos d\u00e1 tais como: nome, e-mail e endere\u00e7o. Quando voc\u00ea acessa nosso site, tamb\u00e9m recebemos automaticamente o protocolo de internet do seu computador, endere\u00e7o de IP, a fim de obter informa\u00e7\u00f5es que nos [&hellip;]<\/p>\n","protected":false},"author":1,"featured_media":0,"parent":0,"menu_order":0,"comment_status":"closed","ping_status":"open","template":"","meta":{"footnotes":""},"class_list":["post-3","page","type-page","status-publish","hentry"],"yoast_head":"<!-- This site is optimized with the Yoast SEO plugin v25.3 - https:\/\/yoast.com\/wordpress\/plugins\/seo\/ -->\n<title>Pol\u00edtica de privacidade - Assim Odonto<\/title>\n<meta name=\"robots\" content=\"index, follow, max-snippet:-1, max-image-preview:large, max-video-preview:-1\" \/>\n<link rel=\"canonical\" href=\"https:\/\/assim.b2c.hcommerce.com.br\/odonto\/politica-de-privacidade\/\" \/>\n<meta property=\"og:locale\" content=\"pt_BR\" \/>\n<meta property=\"og:type\" content=\"article\" \/>\n<meta property=\"og:title\" content=\"Pol\u00edtica de privacidade\" \/>\n<meta property=\"og:description\" content=\"Veja nossa pol\u00edticas de uso e privacidade\" \/>\n<meta property=\"og:url\" content=\"https:\/\/assim.b2c.hcommerce.com.br\/odonto\/politica-de-privacidade\/\" \/>\n<meta property=\"og:site_name\" content=\"Assim Odonto\" \/>\n<meta property=\"article:modified_time\" content=\"2025-04-04T15:14:20+00:00\" \/>\n<meta property=\"og:image\" content=\"https:\/\/assim.b2c.hcommerce.com.br\/odonto\/wp-content\/uploads\/2025\/04\/OG-ASSIM-1.jpg\" \/>\n\t<meta property=\"og:image:width\" content=\"1200\" \/>\n\t<meta property=\"og:image:height\" content=\"630\" \/>\n\t<meta property=\"og:image:type\" content=\"image\/jpeg\" \/>\n<meta name=\"twitter:card\" content=\"summary_large_image\" \/>\n<meta name=\"twitter:title\" content=\"Pol\u00edtica de privacidade\" \/>\n<meta name=\"twitter:description\" content=\"Veja nossa pol\u00edticas de uso e privacidade\" \/>\n<meta name=\"twitter:image\" content=\"https:\/\/assim.b2c.hcommerce.com.br\/odonto\/wp-content\/uploads\/2025\/04\/OG-ASSIM-1.jpg\" \/>\n<meta name=\"twitter:label1\" content=\"Est. tempo de leitura\" \/>\n\t<meta name=\"twitter:data1\" content=\"3 minutos\" \/>\n<script type=\"application\/ld+json\" class=\"yoast-schema-graph\">{\"@context\":\"https:\/\/schema.org\",\"@graph\":[{\"@type\":\"WebPage\",\"@id\":\"https:\/\/assim.b2c.hcommerce.com.br\/odonto\/politica-de-privacidade\/\",\"url\":\"https:\/\/assim.b2c.hcommerce.com.br\/odonto\/politica-de-privacidade\/\",\"name\":\"Pol\u00edtica de privacidade - Assim Odonto\",\"isPartOf\":{\"@id\":\"https:\/\/assim.b2c.hcommerce.com.br\/odonto\/#website\"},\"datePublished\":\"2024-05-23T01:19:43+00:00\",\"dateModified\":\"2025-04-04T15:14:20+00:00\",\"breadcrumb\":{\"@id\":\"https:\/\/assim.b2c.hcommerce.com.br\/odonto\/politica-de-privacidade\/#breadcrumb\"},\"inLanguage\":\"pt-BR\",\"potentialAction\":[{\"@type\":\"ReadAction\",\"target\":[\"https:\/\/assim.b2c.hcommerce.com.br\/odonto\/politica-de-privacidade\/\"]}]},{\"@type\":\"BreadcrumbList\",\"@id\":\"https:\/\/assim.b2c.hcommerce.com.br\/odonto\/politica-de-privacidade\/#breadcrumb\",\"itemListElement\":[{\"@type\":\"ListItem\",\"position\":1,\"name\":\"In\u00edcio\",\"item\":\"https:\/\/assim.b2c.hcommerce.com.br\/odonto\/\"},{\"@type\":\"ListItem\",\"position\":2,\"name\":\"Pol\u00edtica de privacidade\"}]},{\"@type\":\"WebSite\",\"@id\":\"https:\/\/assim.b2c.hcommerce.com.br\/odonto\/#website\",\"url\":\"https:\/\/assim.b2c.hcommerce.com.br\/odonto\/\",\"name\":\"Assim Odonto - Planos Odontol\u00f3gicos\",\"description\":\"O plano odontol\u00f3gico com melhor custo-benef\u00edcio do mercado\",\"publisher\":{\"@id\":\"https:\/\/assim.b2c.hcommerce.com.br\/odonto\/#organization\"},\"alternateName\":\"Assim Odonto\",\"potentialAction\":[{\"@type\":\"SearchAction\",\"target\":{\"@type\":\"EntryPoint\",\"urlTemplate\":\"https:\/\/assim.b2c.hcommerce.com.br\/odonto\/?s={search_term_string}\"},\"query-input\":{\"@type\":\"PropertyValueSpecification\",\"valueRequired\":true,\"valueName\":\"search_term_string\"}}],\"inLanguage\":\"pt-BR\"},{\"@type\":\"Organization\",\"@id\":\"https:\/\/assim.b2c.hcommerce.com.br\/odonto\/#organization\",\"name\":\"Assim Odonto - Planos Odontol\u00f3gicos\",\"url\":\"https:\/\/assim.b2c.hcommerce.com.br\/odonto\/\",\"logo\":{\"@type\":\"ImageObject\",\"inLanguage\":\"pt-BR\",\"@id\":\"https:\/\/assim.b2c.hcommerce.com.br\/odonto\/#\/schema\/logo\/image\/\",\"url\":\"https:\/\/assim.b2c.hcommerce.com.br\/odonto\/wp-content\/uploads\/2025\/01\/Assim-Odonto-aplicacao2.png\",\"contentUrl\":\"https:\/\/assim.b2c.hcommerce.com.br\/odonto\/wp-content\/uploads\/2025\/01\/Assim-Odonto-aplicacao2.png\",\"width\":200,\"height\":58,\"caption\":\"Assim Odonto - Planos Odontol\u00f3gicos\"},\"image\":{\"@id\":\"https:\/\/assim.b2c.hcommerce.com.br\/odonto\/#\/schema\/logo\/image\/\"}}]}<\/script>\n<!-- \/ Yoast SEO plugin. -->","yoast_head_json":{"title":"Pol\u00edtica de privacidade - Assim Odonto","robots":{"index":"index","follow":"follow","max-snippet":"max-snippet:-1","max-image-preview":"max-image-preview:large","max-video-preview":"max-video-preview:-1"},"canonical":"https:\/\/assim.b2c.hcommerce.com.br\/odonto\/politica-de-privacidade\/","og_locale":"pt_BR","og_type":"article","og_title":"Pol\u00edtica de privacidade","og_description":"Veja nossa pol\u00edticas de uso e privacidade","og_url":"https:\/\/assim.b2c.hcommerce.com.br\/odonto\/politica-de-privacidade\/","og_site_name":"Assim Odonto","article_modified_time":"2025-04-04T15:14:20+00:00","og_image":[{"width":1200,"height":630,"url":"https:\/\/assim.b2c.hcommerce.com.br\/odonto\/wp-content\/uploads\/2025\/04\/OG-ASSIM-1.jpg","type":"image\/jpeg"}],"twitter_card":"summary_large_image","twitter_title":"Pol\u00edtica de privacidade","twitter_description":"Veja nossa pol\u00edticas de uso e privacidade","twitter_image":"https:\/\/assim.b2c.hcommerce.com.br\/odonto\/wp-content\/uploads\/2025\/04\/OG-ASSIM-1.jpg","twitter_misc":{"Est. tempo de leitura":"3 minutos"},"schema":{"@context":"https:\/\/schema.org","@graph":[{"@type":"WebPage","@id":"https:\/\/assim.b2c.hcommerce.com.br\/odonto\/politica-de-privacidade\/","url":"https:\/\/assim.b2c.hcommerce.com.br\/odonto\/politica-de-privacidade\/","name":"Pol\u00edtica de privacidade - Assim Odonto","isPartOf":{"@id":"https:\/\/assim.b2c.hcommerce.com.br\/odonto\/#website"},"datePublished":"2024-05-23T01:19:43+00:00","dateModified":"2025-04-04T15:14:20+00:00","breadcrumb":{"@id":"https:\/\/assim.b2c.hcommerce.com.br\/odonto\/politica-de-privacidade\/#breadcrumb"},"inLanguage":"pt-BR","potentialAction":[{"@type":"ReadAction","target":["https:\/\/assim.b2c.hcommerce.com.br\/odonto\/politica-de-privacidade\/"]}]},{"@type":"BreadcrumbList","@id":"https:\/\/assim.b2c.hcommerce.com.br\/odonto\/politica-de-privacidade\/#breadcrumb","itemListElement":[{"@type":"ListItem","position":1,"name":"In\u00edcio","item":"https:\/\/assim.b2c.hcommerce.com.br\/odonto\/"},{"@type":"ListItem","position":2,"name":"Pol\u00edtica de privacidade"}]},{"@type":"WebSite","@id":"https:\/\/assim.b2c.hcommerce.com.br\/odonto\/#website","url":"https:\/\/assim.b2c.hcommerce.com.br\/odonto\/","name":"Assim Odonto - Planos Odontol\u00f3gicos","description":"O plano odontol\u00f3gico com melhor custo-benef\u00edcio do mercado","publisher":{"@id":"https:\/\/assim.b2c.hcommerce.com.br\/odonto\/#organization"},"alternateName":"Assim Odonto","potentialAction":[{"@type":"SearchAction","target":{"@type":"EntryPoint","urlTemplate":"https:\/\/assim.b2c.hcommerce.com.br\/odonto\/?s={search_term_string}"},"query-input":{"@type":"PropertyValueSpecification","valueRequired":true,"valueName":"search_term_string"}}],"inLanguage":"pt-BR"},{"@type":"Organization","@id":"https:\/\/assim.b2c.hcommerce.com.br\/odonto\/#organization","name":"Assim Odonto - Planos Odontol\u00f3gicos","url":"https:\/\/assim.b2c.hcommerce.com.br\/odonto\/","logo":{"@type":"ImageObject","inLanguage":"pt-BR","@id":"https:\/\/assim.b2c.hcommerce.com.br\/odonto\/#\/schema\/logo\/image\/","url":"https:\/\/assim.b2c.hcommerce.com.br\/odonto\/wp-content\/uploads\/2025\/01\/Assim-Odonto-aplicacao2.png","contentUrl":"https:\/\/assim.b2c.hcommerce.com.br\/odonto\/wp-content\/uploads\/2025\/01\/Assim-Odonto-aplicacao2.png","width":200,"height":58,"caption":"Assim Odonto - Planos Odontol\u00f3gicos"},"image":{"@id":"https:\/\/assim.b2c.hcommerce.com.br\/odonto\/#\/schema\/logo\/image\/"}}]}},"_links":{"self":[{"href":"https:\/\/assim.b2c.hcommerce.com.br\/odonto\/wp-json\/wp\/v2\/pages\/3","targetHints":{"allow":["GET"]}}],"collection":[{"href":"https:\/\/assim.b2c.hcommerce.com.br\/odonto\/wp-json\/wp\/v2\/pages"}],"about":[{"href":"https:\/\/assim.b2c.hcommerce.com.br\/odonto\/wp-json\/wp\/v2\/types\/page"}],"author":[{"embeddable":true,"href":"https:\/\/assim.b2c.hcommerce.com.br\/odonto\/wp-json\/wp\/v2\/users\/1"}],"replies":[{"embeddable":true,"href":"https:\/\/assim.b2c.hcommerce.com.br\/odonto\/wp-json\/wp\/v2\/comments?post=3"}],"version-history":[{"count":35,"href":"https:\/\/assim.b2c.hcommerce.com.br\/odonto\/wp-json\/wp\/v2\/pages\/3\/revisions"}],"predecessor-version":[{"id":4113,"href":"https:\/\/assim.b2c.hcommerce.com.br\/odonto\/wp-json\/wp\/v2\/pages\/3\/revisions\/4113"}],"wp:attachment":[{"href":"https:\/\/assim.b2c.hcommerce.com.br\/odonto\/wp-json\/wp\/v2\/media?parent=3"}],"curies":[{"name":"wp","href":"https:\/\/api.w.org\/{rel}","templated":true}]}}